{"id":497,"date":"2024-11-28T11:33:19","date_gmt":"2024-11-28T11:33:19","guid":{"rendered":"https:\/\/reinhards-gitarren.at\/?page_id=497"},"modified":"2024-11-28T11:47:12","modified_gmt":"2024-11-28T11:47:12","slug":"blumberger-mira-lu-signature-datenblatt","status":"publish","type":"page","link":"https:\/\/reinhards-gitarren.at\/?page_id=497","title":{"rendered":"Blumberger &#8218;Mira Lu&#8216; Signature Datenblatt"},"content":{"rendered":"\n<div class=\"wp-block-media-text has-media-on-the-right is-stacked-on-mobile is-vertically-aligned-top\"><div class=\"wp-block-media-text__content\">\n<p><strong>Name:<\/strong>&nbsp;&#8218;Mira Lu&#8216; Signature<br><strong>Hersteller:<\/strong>&nbsp;Reinhard Blumberger<br><strong>Status:<\/strong>&nbsp;Endorsement Mira Lu Kovacs (Schmieds Puls)<br><strong>Foto:<\/strong>&nbsp;\u00a9 Christian Schneider<\/p>\n\n\n\n<p>Hals: amerikanischer Ahorn, gesch\u00e4ftet, lackiert (Schellack)<br>Griffbrett: Ebenholz mit Abalone Einlagen<br>Mensur: 647,70 mm (25,50&#8243;)<br>Griffbrettradius: 12.00&#8243;<br>Halsprofil: C<br>Sattel: Knochen<br>Mechaniken: Gotoh<br>Halsstab: Zweiweg<br>B\u00fcnde: 22, Dunlop 6130<\/p>\n\n\n\n<p>Korpus: Mahagoni mit 2-teiliger Ahorn Decke,<br>hohl mit Mittelblock, lackiert (Schellack)<br>Tonabnehmer: Hals: GFS Gold Foil Single Coil<br>Br\u00fccke: Seymour Duncan SHRC 1<br>Saitenhalter (R\u00fcckseite): Messing<br>Br\u00fccke: Stahl verchromt, Saitenreiter Messing<br>Elektronik: 3-Weg Schalter, Lautst\u00e4rke- und Tonpotentiometer, Mono Buchse<\/p>\n\n\n\n<p>Gewicht: 3220 g<\/p>\n<\/div><figure class=\"wp-block-media-text__media\"><img loading=\"lazy\" decoding=\"async\" width=\"350\" height=\"437\" src=\"https:\/\/reinhards-gitarren.at\/wp-content\/uploads\/2024\/11\/Blumberger-Mira-Lu-Signature.jpg\" alt=\"\" class=\"wp-image-225 size-full\" srcset=\"https:\/\/reinhards-gitarren.at\/wp-content\/uploads\/2024\/11\/Blumberger-Mira-Lu-Signature.jpg 350w, https:\/\/reinhards-gitarren.at\/wp-content\/uploads\/2024\/11\/Blumberger-Mira-Lu-Signature-240x300.jpg 240w\" sizes=\"auto, (max-width: 350px) 100vw, 350px\" \/><\/figure><\/div>\n","protected":false},"excerpt":{"rendered":"<p>Name:&nbsp;&#8218;Mira Lu&#8216; SignatureHersteller:&nbsp;Reinhard BlumbergerStatus:&nbsp;Endorsement Mira Lu Kovacs (Schmieds Puls)Foto:&nbsp;\u00a9 Christian Schneider Hals: amerikanischer Ahorn, gesch\u00e4ftet, lackiert (Schellack)Griffbrett: Ebenholz mit Abalone EinlagenMensur: 647,70 mm (25,50&#8243;)Griffbrettradius: 12.00&#8243;Halsprofil: CSattel: KnochenMechaniken: GotohHalsstab: ZweiwegB\u00fcnde: 22, Dunlop 6130 Korpus: Mahagoni mit 2-teiliger Ahorn Decke,hohl mit Mittelblock, lackiert (Schellack)Tonabnehmer: Hals: GFS Gold Foil Single CoilBr\u00fccke: Seymour Duncan SHRC 1Saitenhalter (R\u00fcckseite): MessingBr\u00fccke: Stahl [&hellip;]<\/p>\n","protected":false},"author":2,"featured_media":0,"parent":444,"menu_order":2,"comment_status":"closed","ping_status":"closed","template":"wp-custom-template-reinhard-detail-site","meta":{"footnotes":""},"class_list":["post-497","page","type-page","status-publish","hentry"],"_links":{"self":[{"href":"https:\/\/reinhards-gitarren.at\/index.php?rest_route=\/wp\/v2\/pages\/497","targetHints":{"allow":["GET"]}}],"collection":[{"href":"https:\/\/reinhards-gitarren.at\/index.php?rest_route=\/wp\/v2\/pages"}],"about":[{"href":"https:\/\/reinhards-gitarren.at\/index.php?rest_route=\/wp\/v2\/types\/page"}],"author":[{"embeddable":true,"href":"https:\/\/reinhards-gitarren.at\/index.php?rest_route=\/wp\/v2\/users\/2"}],"replies":[{"embeddable":true,"href":"https:\/\/reinhards-gitarren.at\/index.php?rest_route=%2Fwp%2Fv2%2Fcomments&post=497"}],"version-history":[{"count":0,"href":"https:\/\/reinhards-gitarren.at\/index.php?rest_route=\/wp\/v2\/pages\/497\/revisions"}],"up":[{"embeddable":true,"href":"https:\/\/reinhards-gitarren.at\/index.php?rest_route=\/wp\/v2\/pages\/444"}],"wp:attachment":[{"href":"https:\/\/reinhards-gitarren.at\/index.php?rest_route=%2Fwp%2Fv2%2Fmedia&parent=497"}],"curies":[{"name":"wp","href":"https:\/\/api.w.org\/{rel}","templated":true}]}}