{"id":499,"date":"2024-11-28T11:33:48","date_gmt":"2024-11-28T11:33:48","guid":{"rendered":"https:\/\/reinhards-gitarren.at\/?page_id=499"},"modified":"2024-11-28T11:54:57","modified_gmt":"2024-11-28T11:54:57","slug":"blumberger-2-cut-bass-p-datenblatt","status":"publish","type":"page","link":"https:\/\/reinhards-gitarren.at\/?page_id=499","title":{"rendered":"Blumberger 2\u2013Cut Bass P Datenblatt"},"content":{"rendered":"\n<div class=\"wp-block-media-text has-media-on-the-right is-stacked-on-mobile is-vertically-aligned-top\"><div class=\"wp-block-media-text__content\">\n<p><strong>Name:<\/strong>&nbsp;2-Cut Bass P mit Aluminium Hals<br><strong>Hersteller:<\/strong>&nbsp;Reinhard Blumberger \/ Kevin Burkett \/ Atelier Ultramarin<br><strong>Preis:<\/strong>&nbsp;auf Anfrage<\/p>\n\n\n\n<p>Korpus, Schlagbrett, Zusammenbau: Reinhard Blumberger<\/p>\n\n\n\n<p>Korpus: geflammtes Birnenholz [Pyrus] (mondphasengeschl\u00e4gert, Bregenzerwald, mindestens 10 Jahre luftgetrocknet)<br>gef\u00fcgt, zweiteilig<br>keine Aussparungen f\u00fcr Arm und Bauch<br>Schlagbrett: Aluminium, schwarz eloxiert<\/p>\n\n\n\n<p>Tonabnehmer: doppelspulig, EGC-Bass (Electrical Guitar Company)<br>Tonabnehmerrahmen: Messing, verchromt, G\u00f6ldo<br>Br\u00fccke: Messing Platte, verchromt, Hipshot B-Style FM1 (2015)<br>Saitenreiter: Messing, DiMarzio Deluxe (1978)<br>Potentiometer: 500kOhm, CTS<br>Reglerknopf: Metall, schwarz verchromt, EGC<br>Tonabnehmerwahlschalter: 3-Weg Kipphebelschalter (On-On-On), C&#038;K<br>Humbucker seriell\/Single Coil\/ Humbucker parallel<br>Beilagscheibe f\u00fcr TA-Schalter: Stahl, rostfrei, Plektrum, Dunlop<br>Buchse: Mono, Switchcraft<br>Halsplatte: Glockenmessing 360HH (1979), abgeschliffen und verchromt, Kahler (NOS)<br>Gurtkn\u00f6pfe: Metall, Flashmusic<br>Gurtsicherungen: Gummi, Wieselburger<\/p>\n\n\n\n<p>Hals: Electrical Guitar Company (EGC), Pensacola, Florida<\/p>\n\n\n\n<p>Kundenorder (nicht mehr erh\u00e4ltlich)<br>massives Aluminium T6061 Alcoa<br>Mensur: 863,60 mm (34.00\u201d)<br>B\u00fcnde: 20, rostfreier Stahl, Jescar<br>Mechaniken: Hipshot UltraLight<br>Sattel: Aluminium, Breite 40,13mm (1.58\u201d)<\/p>\n\n\n\n<p>Oberfl\u00e4chenbehandlung Korpus: Atelier Ultramarin<\/p>\n\n\n\n<p>Lackierung wie alte Streichinstrumente Lasur mit Drachenblut Pigment Schellackpolitur (20 Schichten)<\/p>\n\n\n\n<p>Links:<br><a href=\"http:\/\/www.electricalguitarcompany.com\/\" target=\"_blank\" rel=\"noreferrer noopener\">electricalguitarcompany.com\/<\/a><br><a href=\"http:\/\/www.atelier-ultramarin.at\/\" target=\"_blank\" rel=\"noreferrer noopener\">atelier-ultramarin.at\/<\/a><br><a href=\"http:\/\/www.tonewood-berkmann.at\/\" target=\"_blank\" rel=\"noreferrer noopener\">tonewood-berkmann.at\/<\/a><\/p>\n<\/div><figure class=\"wp-block-media-text__media\"><img loading=\"lazy\" decoding=\"async\" width=\"347\" height=\"1024\" src=\"https:\/\/reinhards-gitarren.at\/wp-content\/uploads\/2024\/11\/Blumberger_2-Cut_Bass_P.jpg\" alt=\"\" class=\"wp-image-212 size-full\" srcset=\"https:\/\/reinhards-gitarren.at\/wp-content\/uploads\/2024\/11\/Blumberger_2-Cut_Bass_P.jpg 347w, https:\/\/reinhards-gitarren.at\/wp-content\/uploads\/2024\/11\/Blumberger_2-Cut_Bass_P-102x300.jpg 102w\" sizes=\"auto, (max-width: 347px) 100vw, 347px\" \/><\/figure><\/div>\n\n\n\n<div class=\"wp-block-file\"><a id=\"wp-block-file--media-08fbd0f1-e680-4422-9c00-e722f3932fca\" href=\"https:\/\/reinhards-gitarren.at\/wp-content\/uploads\/2024\/11\/Datenblatt_2-Cut_Bass_P_de.pdf\" target=\"_blank\" rel=\"noreferrer noopener\">Klicken zum Download als PDF &#8222;Datenblatt_2-Cut_Bass_P_de&#8220; (deutsch; 249 KB)<\/a><\/div>\n\n\n\n<div class=\"wp-block-file\"><a id=\"wp-block-file--media-43d2a6fd-8333-4922-a631-82dabe4e52ab\" href=\"https:\/\/reinhards-gitarren.at\/wp-content\/uploads\/2024\/11\/datasheet_2-Cut_Bass_P_en.pdf\" target=\"_blank\" rel=\"noreferrer noopener\">Klicken zum Download als PDF &#8222;Datenblatt_2-Cut_Bass_P_EN&#8220; (english; 249 KB)<\/a><\/div>\n","protected":false},"excerpt":{"rendered":"<p>Name:&nbsp;2-Cut Bass P mit Aluminium HalsHersteller:&nbsp;Reinhard Blumberger \/ Kevin Burkett \/ Atelier UltramarinPreis:&nbsp;auf Anfrage Korpus, Schlagbrett, Zusammenbau: Reinhard Blumberger Korpus: geflammtes Birnenholz [Pyrus] (mondphasengeschl\u00e4gert, Bregenzerwald, mindestens 10 Jahre luftgetrocknet)gef\u00fcgt, zweiteiligkeine Aussparungen f\u00fcr Arm und BauchSchlagbrett: Aluminium, schwarz eloxiert Tonabnehmer: doppelspulig, EGC-Bass (Electrical Guitar Company)Tonabnehmerrahmen: Messing, verchromt, G\u00f6ldoBr\u00fccke: Messing Platte, verchromt, Hipshot B-Style FM1 (2015)Saitenreiter: Messing, [&hellip;]<\/p>\n","protected":false},"author":2,"featured_media":0,"parent":444,"menu_order":0,"comment_status":"closed","ping_status":"closed","template":"wp-custom-template-reinhard-detail-site","meta":{"footnotes":""},"class_list":["post-499","page","type-page","status-publish","hentry"],"_links":{"self":[{"href":"https:\/\/reinhards-gitarren.at\/index.php?rest_route=\/wp\/v2\/pages\/499","targetHints":{"allow":["GET"]}}],"collection":[{"href":"https:\/\/reinhards-gitarren.at\/index.php?rest_route=\/wp\/v2\/pages"}],"about":[{"href":"https:\/\/reinhards-gitarren.at\/index.php?rest_route=\/wp\/v2\/types\/page"}],"author":[{"embeddable":true,"href":"https:\/\/reinhards-gitarren.at\/index.php?rest_route=\/wp\/v2\/users\/2"}],"replies":[{"embeddable":true,"href":"https:\/\/reinhards-gitarren.at\/index.php?rest_route=%2Fwp%2Fv2%2Fcomments&post=499"}],"version-history":[{"count":0,"href":"https:\/\/reinhards-gitarren.at\/index.php?rest_route=\/wp\/v2\/pages\/499\/revisions"}],"up":[{"embeddable":true,"href":"https:\/\/reinhards-gitarren.at\/index.php?rest_route=\/wp\/v2\/pages\/444"}],"wp:attachment":[{"href":"https:\/\/reinhards-gitarren.at\/index.php?rest_route=%2Fwp%2Fv2%2Fmedia&parent=499"}],"curies":[{"name":"wp","href":"https:\/\/api.w.org\/{rel}","templated":true}]}}